{"id":6592,"date":"2023-08-08T10:46:09","date_gmt":"2023-08-08T08:46:09","guid":{"rendered":"https:\/\/shapelabvr.com\/nutzungsbedingungen\/"},"modified":"2025-05-16T11:37:40","modified_gmt":"2025-05-16T09:37:40","slug":"nutzungsbedingungen","status":"publish","type":"page","link":"https:\/\/shapelabvr.com\/de\/nutzungsbedingungen\/","title":{"rendered":"Nutzungsbedingungen"},"content":{"rendered":"\t\t<div data-elementor-type=\"wp-page\" data-elementor-id=\"6592\" class=\"elementor elementor-6592 elementor-1843\" data-elementor-settings=\"{&quot;ha_cmc_init_switcher&quot;:&quot;no&quot;}\" data-elementor-post-type=\"page\">\n\t\t\t\t\t\t<section class=\"elementor-section elementor-top-section elementor-element elementor-element-cc23ad8 elementor-section-boxed elementor-section-height-default elementor-section-height-default\" data-id=\"cc23ad8\" data-element_type=\"section\" data-e-type=\"section\" data-settings=\"{&quot;_ha_eqh_enable&quot;:false}\">\n\t\t\t\t\t\t<div class=\"elementor-container elementor-column-gap-default\">\n\t\t\t\t\t<div class=\"elementor-column elementor-col-100 elementor-top-column elementor-element elementor-element-4f0b4a4\" data-id=\"4f0b4a4\" data-element_type=\"column\" data-e-type=\"column\">\n\t\t\t<div class=\"elementor-widget-wrap elementor-element-populated\">\n\t\t\t\t\t\t<div class=\"elementor-element elementor-element-6502280 elementor-widget elementor-widget-heading\" data-id=\"6502280\" data-element_type=\"widget\" data-e-type=\"widget\" data-widget_type=\"heading.default\">\n\t\t\t\t<div class=\"elementor-widget-container\">\n\t\t\t\t\t<h1 class=\"elementor-heading-title elementor-size-default\">Allgemeine Gesch\u00e4ftsbedingungen<\/h1>\t\t\t\t<\/div>\n\t\t\t\t<\/div>\n\t\t\t\t<div class=\"elementor-element elementor-element-85de3a7 elementor-widget elementor-widget-text-editor\" data-id=\"85de3a7\" data-element_type=\"widget\" data-e-type=\"widget\" data-widget_type=\"text-editor.default\">\n\t\t\t\t<div class=\"elementor-widget-container\">\n\t\t\t\t\t\t\t\t\t<p>Willkommen bei Shapelab, einer plattform\u00fcbergreifenden (VR und Desktop) 3D-Designanwendung f\u00fcr die organische Modellierung. Diese Allgemeinen Gesch\u00e4ftsbedingungen regeln Ihren Zugang und Ihre Nutzung der Shapelab-Software. Dar\u00fcber hinaus unterliegt Ihre Nutzung der Software der <a href=\"https:\/\/shapelabvr.com\/de\/endbenutzer-lizenzvereinbarung\/\">Endbenutzer-Lizenzvereinbarung (EULA).<\/a> Es ist wichtig, dass alle Benutzer sowohl die Allgemeinen Gesch\u00e4ftsbedingungen als auch die <a href=\"https:\/\/shapelabvr.com\/de\/endbenutzer-lizenzvereinbarung\/\">EULA<\/a> gr\u00fcndlich lesen und verstehen, bevor sie die Software abonnieren oder kaufen.   <\/p><h1>1. Annahme der Bedingungen<\/h1><p>Durch den Zugriff, das Herunterladen oder die Nutzung von Shapelab erkl\u00e4ren Sie sich damit einverstanden, diese Allgemeinen Gesch\u00e4ftsbedingungen sowie die <a href=\"https:\/\/shapelabvr.com\/de\/endbenutzer-lizenzvereinbarung\/\">EULA<\/a> einzuhalten und an diese gebunden zu sein. Wenn Sie mit einem Teil dieser Vereinbarungen nicht einverstanden sind, sehen Sie bitte von der Nutzung der Software ab. <\/p><h1>2. Lizenzierte Software<\/h1><p>Dieses Dokument enth\u00e4lt die Allgemeinen Gesch\u00e4ftsbedingungen f\u00fcr den Zugriff auf und die Nutzung von Shapelab, einer lizenzierten Software, die von Leopoly (Firmenname: Leopoly Kft., Adresse: Homokszem utca 3-5., Kecskem\u00e9t, Ungarn, Postleitzahl: 6000) bereitgestellt wird. Der Zugriff auf die Software wird in erster Linie durch die <a href=\"https:\/\/shapelabvr.com\/de\/endbenutzer-lizenzvereinbarung\/\">EULA<\/a> geregelt, die den Hauptvertrag zwischen Leopoly und Ihnen darstellt. Es eignet sich zum Erstellen von Requisiten, Charakteren und 3D-Druckdesigns.  <\/p><h1>3. Registrierung und Kontoerstellung<\/h1><p>Um diese Vereinbarung abzuschlie\u00dfen, m\u00fcssen Sie entweder vollj\u00e4hrig und gesch\u00e4ftsf\u00e4hig sein oder die Zustimmung Ihrer Eltern (oder Erziehungsberechtigten) haben, wenn Sie dies nicht sind. Indem Sie fortfahren, best\u00e4tigen Sie, dass Sie entweder dieses Mindestalter erf\u00fcllen und gesch\u00e4ftsf\u00e4hig sind oder \u00fcber die erforderliche elterliche Zustimmung nach lokalem Recht verf\u00fcgen. (Wenn Sie die Altersgrenze noch nicht erreicht haben oder nicht gesch\u00e4ftsf\u00e4hig sind, sollten Sie diese Allgemeinen Gesch\u00e4ftsbedingungen mit einem Elternteil oder Erziehungsberechtigten \u00fcberpr\u00fcfen, um sicherzustellen, dass sowohl Sie als auch sie sie verstehen und ihnen zustimmen!)  <\/p><p>3.1. Als Bedingung f\u00fcr die Nutzung der Software kann Leopoly von den Nutzern verlangen, dass sie einen Registrierungsprozess abschlie\u00dfen und ein Benutzerkonto \u00fcber die Website erstellen: account.shapelabvr.com. Die Registrierung ist zwar in der Regel freiwillig, aber wenn sie als Voraussetzung f\u00fcr die Nutzung der Software vorgeschrieben ist, m\u00fcssen sich die Nutzer registrieren und ein Konto erstellen, um auf die Software zugreifen zu k\u00f6nnen. <\/p><p>3.2. Bei der Registrierung muss der Nutzer alle Pflichtangaben machen, die in der Registrierungsschnittstelle angegeben sind, und kann gegebenenfalls auch optionale Daten angeben. Es ist wichtig, dass die Nutzer genaue und wahrheitsgem\u00e4\u00dfe Angaben machen. Leopoly beh\u00e4lt sich das Recht vor, die bei der Registrierung gemachten Angaben zu \u00fcberpr\u00fcfen. Wenn Ungenauigkeiten festgestellt werden oder wenn sich herausstellt, dass der Benutzer beabsichtigt, die Software rechtswidrig oder missbr\u00e4uchlich zu verwenden, kann Leopoly die Registrierung verweigern, das Benutzerkonto l\u00f6schen und die Nutzung der Software aussetzen oder verbieten.   <\/p><p>3.3. Der Nutzer muss bei der Registrierung eine E-Mail-Adresse zur Identifizierung angeben, die als eindeutige Kennung f\u00fcr das Nutzerkonto dient. Es kann nur ein Benutzerkonto mit einer einzigen E-Mail-Adresse verkn\u00fcpft werden. <\/p><p>3.4. Die Benutzer sind allein daf\u00fcr verantwortlich, die Vertraulichkeit der E-Mail-Adresse und der Kontodaten zu wahren. Leopoly haftet nicht f\u00fcr Sch\u00e4den, die sich aus dem unbefugten Zugriff auf das Konto ergeben, einschlie\u00dflich des Verlusts oder der unbefugten Nutzung von 3D-Modellen, die vom Benutzer erstellt wurden. Dar\u00fcber hinaus kann Leopoly nicht \u00fcberpr\u00fcfen, ob autorisierte Personen auf das Konto zugreifen.  <\/p><p>3.5. Benutzer m\u00fcssen Leopoly unverz\u00fcglich benachrichtigen, wenn ihre Kontodaten kompromittiert oder an unbefugte Dritte weitergegeben werden. Der Benutzer ist daf\u00fcr verantwortlich, seinen Benutzernamen und\/oder sein Passwort unter solchen Umst\u00e4nden zu \u00e4ndern. F\u00fcr Sch\u00e4den, die sich aus Verst\u00f6\u00dfen gegen diese Verpflichtung, einschlie\u00dflich der unbefugten Nutzung von 3D-Modellen, ergeben, haftet der Nutzer.  <\/p><p>3.6. W\u00e4hrend des Registrierungsprozesses m\u00fcssen die Nutzer erkl\u00e4ren, dass sie diese Allgemeinen Gesch\u00e4ftsbedingungen, die <a href=\"https:\/\/shapelabvr.com\/de\/endbenutzer-lizenzvereinbarung\/\">EULA<\/a> und die <a href=\"https:\/\/shapelabvr.com\/service-privacy-policy\/\">Datenschutzerkl\u00e4rung<\/a> verstanden und akzeptiert haben.<\/p><h1>4. Aktualisierungen und Verbesserungen<\/h1><p>4.1. Leopoly kann in regelm\u00e4\u00dfigen Abst\u00e4nden Updates herausgeben, um die Software zu verbessern und zu sichern. Die Benutzer sind f\u00fcr das Herunterladen und Installieren dieser Updates verantwortlich, um eine optimale Leistung zu gew\u00e4hrleisten. Leopoly lehnt jede Verpflichtung zur Bereitstellung von Updates ab und haftet nicht f\u00fcr Leistungsprobleme oder Datenverluste, die sich aus der Nichtaktualisierung der Software ergeben.  <\/p><p>4.2. Benachrichtigungen \u00fcber Aktualisierungen werden \u00fcber die Software, die zugeh\u00f6rigen Dienste oder Vertriebsplattformen kommuniziert. M\u00f6glicherweise sind eine Internetverbindung und die Aktivierung automatischer Updates oder einer manuellen Installation erforderlich. <\/p><p>4.3. Benutzer d\u00fcrfen Updates nur verwenden, wenn sie berechtigt sind, die Software gem\u00e4\u00df der <a href=\"https:\/\/shapelabvr.com\/de\/endbenutzer-lizenzvereinbarung\/\">EULA<\/a> und diesen Allgemeinen Gesch\u00e4ftsbedingungen zu nutzen. Updates unterliegen den gleichen Nutzungsrechten wie die Software, sofern von Leopoly nicht anders angegeben. <\/p><h1>5. Funktionserweiterungen<\/h1><p>5.1. Leopoly kann nach eigenem Ermessen zus\u00e4tzliche oder erweiterte Funktionen der Software anbieten.<\/p><p>5.2. Der Zugriff auf bestimmte Funktionen kann kostenpflichtig sein. Die Nutzer erkennen an, dass die Nutzung dieser Premium-Funktionen eine Verpflichtung zur Zahlung der von Leopoly festgelegten Geb\u00fchren mit sich bringt. <\/p><h1>6. Abonnement- und Kaufoptionen<\/h1><p>6.1. Benutzer k\u00f6nnen Shapelab mit zwei Arten von Abonnements abonnieren: monatlich oder j\u00e4hrlich. Beide Pl\u00e4ne bieten eine 14-t\u00e4gige kostenlose Testphase, bevor Geb\u00fchren anfallen. Sie k\u00f6nnen w\u00e4hrend der Kontoeinrichtung den Plan ausw\u00e4hlen, der Ihren Bed\u00fcrfnissen am besten entspricht.  <\/p><p>6.2. Alternativ k\u00f6nnen Benutzer einen einmaligen Kauf von Shapelab entweder auf dieser Seite oder \u00fcber <a href=\"https:\/\/store.steampowered.com\/app\/571890\/Shapelab_2024\/\">Steam<\/a>, <a href=\"https:\/\/www.viveport.com\/apps\/604fcb80-e0cf-463f-a058-2942d9100378?hl=en-US\">Viveport<\/a> oder den <a href=\"https:\/\/www.meta.com\/experiences\/pcvr\/shapelab-2024\/7580970368593654\/\">Meta Store<\/a> t\u00e4tigen. F\u00fcr Benutzer, die eine unbefristete Version erwerben, stellt Leopoly w\u00e4hrend des Kalenderjahres nach dem Kauf Updates und Fehlerbehebungen f\u00fcr diese spezielle Version zur Verf\u00fcgung. Diese Updates sind in der Software oder \u00fcber die Shapelab Launch-Anwendung zug\u00e4nglich. Es ist zu beachten, dass f\u00fcr unbefristete Versionen \u00fcber das Ende des auf den Kauf folgenden Kalenderjahres hinaus keine Updates oder Fehlerbehebungen garantiert werden.   <\/p><p>6.3. Unabh\u00e4ngig von der gew\u00e4hlten Abonnement- oder Kaufoption erhalten alle Benutzer Zugriff auf die gleiche Version von Shapelab.<\/p><h1>7. Kostenlose Testversion<\/h1><p>7.1. Die 14-t\u00e4gige kostenlose Testversion ist nur mit Abonnements verf\u00fcgbar.<\/p><p>7.2. Um die Testversion zu starten, registrieren Sie sich (erstellen Sie ein Shapelab-Konto), w\u00e4hlen Sie einen Plan aus und geben Sie Zahlungsinformationen an.<\/p><p>7.3. Abonnements k\u00f6nnen jederzeit vor Ablauf des Testzeitraums gek\u00fcndigt werden, ohne dass Kosten anfallen.<\/p><h1>8. Bildungsprogramm<\/h1><p>Eine p\u00e4dagogische Version von Shapelab ist verf\u00fcgbar. Interessierte Institutionen k\u00f6nnen sich unter <a href=\"https:\/\/shapelabvr.com\/de\/bildung\/\">shapelabvr.com\/education<\/a> bewerben. <\/p><h1>9. R\u00fcckmeldung<\/h1><p>Sie k\u00f6nnen m\u00fcndliche oder schriftliche Kommentare, Vorschl\u00e4ge, Ideen, Pl\u00e4ne, Notizen, Zeichnungen oder andere Informationen in Bezug auf die Webseite oder die Software abgeben (&#8222;Feedback&#8220;). Leopoly steht es frei, dieses Feedback ohne jegliche Verpflichtungen Ihnen gegen\u00fcber zu verwenden, offenzulegen, zu vervielf\u00e4ltigen, zu lizenzieren oder anderweitig zu verbreiten. <\/p><h1>10. Beschr\u00e4nkungen und Haftung<\/h1><p>Leopoly stellt die Shapelab-Software &#8222;wie besehen&#8220; zur Verf\u00fcgung, ohne jegliche Garantie f\u00fcr einen fehlerfreien Betrieb oder einen ununterbrochenen Zugriff. Obwohl wir uns bem\u00fchen, eine stabile und sichere Plattform anzubieten, erkennen die Nutzer an, dass bei der Nutzung von Shapelab bestimmte Probleme auftreten k\u00f6nnen, einschlie\u00dflich, aber nicht beschr\u00e4nkt auf: <\/p><p>10.1. Leopoly \u00fcbernimmt keine Gew\u00e4hr daf\u00fcr, dass die Software fehlerfrei oder ununterbrochen ist.<\/p><p>10.2. Leopoly \u00fcbernimmt keine Gew\u00e4hr daf\u00fcr, dass die Shapelab-Plattform, einschlie\u00dflich Benutzerkonten und Cloud-Dienste, immer ohne Unterbrechungen zug\u00e4nglich ist. Gelegentlich kann es zu Ausfallzeiten f\u00fcr Wartungsarbeiten oder unvorhergesehene technische Probleme kommen. Leopoly haftet nicht f\u00fcr Sch\u00e4den, die sich aus der Nichtverf\u00fcgbarkeit der Software oder der damit verbundenen Webdienste ergeben.  <\/p><p>10.3. Leopoly wird angemessene Vorkehrungen treffen, um Benutzerkonten zu sichern. Die Nutzer sind jedoch allein daf\u00fcr verantwortlich, die Vertraulichkeit ihrer Anmeldeinformationen und Kontoinformationen zu wahren. Leopoly haftet nicht f\u00fcr unbefugten Zugriff oder unbefugte Nutzung von Konten, es sei denn, dies wird durch eine nachweisliche Verletzung der Sicherheitssysteme von Leopoly verursacht.  <\/p><p>10.4. Leopoly lehnt jegliche Haftung f\u00fcr den Verlust oder die Besch\u00e4digung von Daten, einschlie\u00dflich 3D-Modellen, Projektdateien oder anderen nutzergenerierten Inhalten aufgrund von Softwarefehlern, Plattformfehlfunktionen oder Benutzeraktionen ab. Benutzer werden ermutigt, ihre eigenen Backups wichtiger Daten zu erstellen. <\/p><p>10.5. Obwohl Updates und Korrekturen bereitgestellt werden, garantiert Leopoly nicht, dass die Software v\u00f6llig frei von Fehlern oder Leistungsproblemen ist. Leopoly haftet nicht f\u00fcr Produktivit\u00e4ts- oder Umsatzverluste oder zuf\u00e4llige oder Folgesch\u00e4den, die aufgrund von Softwarefehlern, St\u00f6rungen oder Kompatibilit\u00e4tsproblemen entstehen k\u00f6nnen. <\/p><p>10.6. Shapelab erm\u00f6glicht die Erstellung und den Export von 3D-Modellen. Leopoly \u00fcbernimmt keine Verantwortung f\u00fcr die Endverwendung dieser Modelle, einschlie\u00dflich, aber nicht beschr\u00e4nkt auf Fehlfunktionen des 3D-Drucks, Kompatibilit\u00e4tsprobleme mit Software von Drittanbietern oder Anspr\u00fcche auf geistiges Eigentum, die sich aus von Benutzern erstellten Inhalten ergeben. <\/p><p>10.7. Bei den webbasierten Diensten im Zusammenhang mit der Shapelab-Plattform, einschlie\u00dflich, aber nicht beschr\u00e4nkt auf die Kontoverwaltung, die Abonnementabrechnung und den Zugriff auf Inhalte, k\u00f6nnen gelegentlich Fehler oder Fehlfunktionen auftreten. Leopoly haftet nicht f\u00fcr Sch\u00e4den, die sich aus Abrechnungsfehlern, verz\u00f6gertem Zugriff auf kostenpflichtige Funktionen oder der Ungenauigkeit von Benutzerdaten ergeben k\u00f6nnen. <\/p><h1>11. F\u00fcr Verbraucher geltende Bestimmungen<\/h1><p>11.1. Wenn der Nutzer nach geltendem Recht als Verbraucher gilt \u2013 d. h. eine nat\u00fcrliche Person, die die Software au\u00dferhalb ihres Berufs, ihrer selbst\u00e4ndigen beruflichen T\u00e4tigkeit oder ihrer Gesch\u00e4ftst\u00e4tigkeit nutzt (im Folgenden der &#8222;Verbraucher&#8220;) \u2013 gelten besondere Regeln f\u00fcr die kostenpflichtige Lizenz.<\/p><p>11.2. Leopoly weist die Verbraucher darauf hin, dass der Kauf einer kostenpflichtigen Lizenz einen Fernabsatzvertrag f\u00fcr den Zugriff auf digitale Inhalte darstellt, die auf einem immateriellen Medium bereitgestellt werden, wie in den geltenden gesetzlichen Bestimmungen definiert. Durch die Annahme dieser Allgemeinen Gesch\u00e4ftsbedingungen erkennen die Verbraucher ausdr\u00fccklich an, stimmen zu und verlangen, dass Leopoly (Leopoly) sofort nach der Bestellung der kostenpflichtigen Funktionen der Software und der Best\u00e4tigung der Bestellung mit der Leistung beginnt. Dieser sofortige Beginn gew\u00e4hrt den Verbrauchern Zugriff auf die kostenpflichtigen Funktionen innerhalb der Software. Mit der Annahme erkennt der Verbraucher an, dass er das Recht auf R\u00fccktritt oder sofortige K\u00fcndigung verliert, sobald die Ausf\u00fchrung beginnt, gem\u00e4\u00df Artikel 20 der Regierungsverordnung Nr. 45\/2014 (II.26.) \u00fcber die detaillierten Regeln von Vertr\u00e4gen zwischen Verbrauchern und Unternehmen.   <\/p><p>11.3. Leopoly informiert die Verbraucher dar\u00fcber, dass es keinen Verhaltenskodex gem\u00e4\u00df dem Gesetz \u00fcber unlautere Gesch\u00e4ftspraktiken anwendet.<\/p><p>11.4. Im Falle eines Streits \u00fcber die Qualit\u00e4t der von Leopoly erbrachten Dienstleistungen oder den Abschluss und die Erf\u00fcllung des Vertrags \u00fcber die Nutzung dieser Dienstleistungen und wenn der Streit mit Leopoly nicht g\u00fctlich beigelegt werden kann, hat der Verbraucher das Recht, eine L\u00f6sung durch eine Schlichtungsstelle zu suchen. Die zust\u00e4ndige Beh\u00f6rde, die mit dem eingetragenen Sitz von Leopoly abgestimmt ist, ist: <\/p><p>Schlichtungsstelle der Gespanschaft Csongr\u00e1d-Csan\u00e1d<\/p><ul><li>Adresse: 6721 Szeged, P\u00e1rizsi krt. 8-12.<\/li><li>Telefon: +36-62\/549-392<\/li><li>E-Mail: <a href=\"mailto:bekelteto.testulet@cskik.hu\">testulet@cskik.hu<\/a><\/li><\/ul><p>1.5. Alternativ kann der Verbraucher die seinem Wohn- oder Domizil zugewiesene Schlichtungsstelle f\u00fcr die au\u00dfergerichtliche Beilegung der Streitigkeit w\u00e4hlen.<\/p><p>11.6. Wenn der Verbraucher die Software \u00fcber eine Plattform erwirbt, die nicht von Leopoly betrieben wird (z. B. ein unabh\u00e4ngiger Webshop oder eine andere Vertriebsplattform), unterliegen die Rechte und Pflichten des Verbrauchers den Vertragsbedingungen des jeweiligen Webshops, \u00fcber den die kostenpflichtigen Funktionen der Software erworben werden.<\/p><h1>12. \u00c4nderungsantr\u00e4ge<\/h1><p>Leopoly beh\u00e4lt sich das Recht vor, diese Allgemeinen Gesch\u00e4ftsbedingungen jederzeit zu \u00e4ndern. Eine Benachrichtigung \u00fcber die \u00c4nderung wird dem Benutzer mindestens 30 Tage vor der Durchsetzung durch Ver\u00f6ffentlichung auf der Website zugestellt. Im Falle einer \u00c4nderung der Allgemeinen Gesch\u00e4ftsbedingungen hat der Nutzer das Recht, den Vertrag innerhalb der angegebenen Frist zu k\u00fcndigen, es sei denn, die \u00c4nderungen sind f\u00fcr die Situation des Nutzers irrelevant oder f\u00fcr ihn von Vorteil. Die fortgesetzte Nutzung der Website oder der Software nach \u00c4nderungen bedeutet die Annahme der neuen Bedingungen.   <\/p><h1>13. K\u00fcndigung<\/h1><p>13.1. Zus\u00e4tzlich zu den in diesen Allgemeinen Gesch\u00e4ftsbedingungen ausdr\u00fccklich genannten Umst\u00e4nden beh\u00e4lt sich Leopoly das Recht vor, den Vertrag mit sofortiger Wirkung zu k\u00fcndigen, wenn der Benutzer gegen Bestimmungen verst\u00f6\u00dft, insbesondere gegen solche, die sich auf Benutzerrechte beziehen, oder wenn Leopoly die Shapelab-Software einstellt.<\/p><p>13.2. Der Nutzer kann den Vertrag jederzeit nach eigenem Ermessen k\u00fcndigen.<\/p><p>13.3. Bei Beendigung des Vertrages l\u00f6scht Leopoly das Konto des Nutzers und die bei der Registrierung angegebene E-Mail-Adresse. Der Benutzer muss die Nutzung der Software unverz\u00fcglich einstellen und sie zusammen mit allen ihren Komponenten von allen seinen Ger\u00e4ten entfernen. Bereits gezahlte Geb\u00fchren oder Lizenzgeb\u00fchren werden bei der K\u00fcndigung, unabh\u00e4ngig vom Grund, nicht erstattet.  <\/p><p>13.4. Der Nutzer nimmt zur Kenntnis, dass er, wenn er die Software trotz Beendigung des Vertrages weiter nutzt, diese Allgemeinen Gesch\u00e4ftsbedingungen w\u00e4hrend der tats\u00e4chlichen Nutzung einhalten muss, auch wenn eine solche Nutzung einen Versto\u00df darstellen k\u00f6nnte.<\/p><h1>14. Kontaktinformationen<\/h1><p>Bei Fragen, Support oder rechtlichen Bedenken wenden Sie sich bitte an support@shapelabvr.com<\/p>\t\t\t\t\t\t\t\t<\/div>\n\t\t\t\t<\/div>\n\t\t\t\t\t<\/div>\n\t\t<\/div>\n\t\t\t\t\t<\/div>\n\t\t<\/section>\n\t\t\t\t<\/div>\n\t\t","protected":false},"excerpt":{"rendered":"<p>Allgemeine Gesch\u00e4ftsbedingungen Willkommen bei Shapelab, einer plattform\u00fcbergreifenden (VR und Desktop) 3D-Designanwendung f\u00fcr die organische Modellierung. Diese Allgemeinen Gesch\u00e4ftsbedingungen regeln Ihren Zugang und Ihre Nutzung der Shapelab-Software. Dar\u00fcber hinaus unterliegt Ihre Nutzung der Software der Endbenutzer-Lizenzvereinbarung (EULA). Es ist wichtig, dass alle Benutzer sowohl die Allgemeinen Gesch\u00e4ftsbedingungen als auch die EULA gr\u00fcndlich lesen und verstehen, bevor [&hellip;]<\/p>\n","protected":false},"author":3,"featured_media":0,"parent":0,"menu_order":0,"comment_status":"closed","ping_status":"closed","template":"","meta":{"footnotes":""},"class_list":["post-6592","page","type-page","status-publish","hentry"],"yoast_head":"<!-- This site is optimized with the Yoast SEO plugin v27.3 - https:\/\/yoast.com\/product\/yoast-seo-wordpress\/ -->\n<title>Nutzungsbedingungen - Shapelab<\/title>\n<meta name=\"description\" content=\"Lesen Sie hier mehr \u00fcber die Nutzungsbedingungen von Shapelab.\" \/>\n<meta name=\"robots\" content=\"index, follow, max-snippet:-1, max-image-preview:large, max-video-preview:-1\" \/>\n<link rel=\"canonical\" href=\"https:\/\/shapelabvr.com\/de\/nutzungsbedingungen\/\" \/>\n<meta property=\"og:locale\" content=\"de_DE\" \/>\n<meta property=\"og:type\" content=\"article\" \/>\n<meta property=\"og:title\" content=\"Nutzungsbedingungen - Shapelab\" \/>\n<meta property=\"og:description\" content=\"Lesen Sie hier mehr \u00fcber die Nutzungsbedingungen von Shapelab.\" \/>\n<meta property=\"og:url\" content=\"https:\/\/shapelabvr.com\/de\/nutzungsbedingungen\/\" \/>\n<meta property=\"og:site_name\" content=\"Shapelab\" \/>\n<meta property=\"article:modified_time\" content=\"2025-05-16T09:37:40+00:00\" \/>\n<meta name=\"twitter:card\" content=\"summary_large_image\" \/>\n<meta name=\"twitter:label1\" content=\"Gesch\u00e4tzte Lesezeit\" \/>\n\t<meta name=\"twitter:data1\" content=\"10\u00a0Minuten\" \/>\n<script type=\"application\/ld+json\" class=\"yoast-schema-graph\">{\"@context\":\"https:\\\/\\\/schema.org\",\"@graph\":[{\"@type\":\"WebPage\",\"@id\":\"https:\\\/\\\/shapelabvr.com\\\/de\\\/nutzungsbedingungen\\\/\",\"url\":\"https:\\\/\\\/shapelabvr.com\\\/de\\\/nutzungsbedingungen\\\/\",\"name\":\"Nutzungsbedingungen - Shapelab\",\"isPartOf\":{\"@id\":\"https:\\\/\\\/shapelabvr.com\\\/de\\\/#website\"},\"datePublished\":\"2023-08-08T08:46:09+00:00\",\"dateModified\":\"2025-05-16T09:37:40+00:00\",\"description\":\"Lesen Sie hier mehr \u00fcber die Nutzungsbedingungen von Shapelab.\",\"breadcrumb\":{\"@id\":\"https:\\\/\\\/shapelabvr.com\\\/de\\\/nutzungsbedingungen\\\/#breadcrumb\"},\"inLanguage\":\"de\",\"potentialAction\":[{\"@type\":\"ReadAction\",\"target\":[\"https:\\\/\\\/shapelabvr.com\\\/de\\\/nutzungsbedingungen\\\/\"]}]},{\"@type\":\"BreadcrumbList\",\"@id\":\"https:\\\/\\\/shapelabvr.com\\\/de\\\/nutzungsbedingungen\\\/#breadcrumb\",\"itemListElement\":[{\"@type\":\"ListItem\",\"position\":1,\"name\":\"Kezd\u0151lap\",\"item\":\"https:\\\/\\\/shapelabvr.com\\\/de\\\/\"},{\"@type\":\"ListItem\",\"position\":2,\"name\":\"Nutzungsbedingungen\"}]},{\"@type\":\"WebSite\",\"@id\":\"https:\\\/\\\/shapelabvr.com\\\/de\\\/#website\",\"url\":\"https:\\\/\\\/shapelabvr.com\\\/de\\\/\",\"name\":\"Shapelab\",\"description\":\"Best rated polygon-based VR sculpting app\",\"potentialAction\":[{\"@type\":\"SearchAction\",\"target\":{\"@type\":\"EntryPoint\",\"urlTemplate\":\"https:\\\/\\\/shapelabvr.com\\\/de\\\/?s={search_term_string}\"},\"query-input\":{\"@type\":\"PropertyValueSpecification\",\"valueRequired\":true,\"valueName\":\"search_term_string\"}}],\"inLanguage\":\"de\"}]}<\/script>\n<!-- \/ Yoast SEO plugin. -->","yoast_head_json":{"title":"Nutzungsbedingungen - Shapelab","description":"Lesen Sie hier mehr \u00fcber die Nutzungsbedingungen von Shapelab.","robots":{"index":"index","follow":"follow","max-snippet":"max-snippet:-1","max-image-preview":"max-image-preview:large","max-video-preview":"max-video-preview:-1"},"canonical":"https:\/\/shapelabvr.com\/de\/nutzungsbedingungen\/","og_locale":"de_DE","og_type":"article","og_title":"Nutzungsbedingungen - Shapelab","og_description":"Lesen Sie hier mehr \u00fcber die Nutzungsbedingungen von Shapelab.","og_url":"https:\/\/shapelabvr.com\/de\/nutzungsbedingungen\/","og_site_name":"Shapelab","article_modified_time":"2025-05-16T09:37:40+00:00","twitter_card":"summary_large_image","twitter_misc":{"Gesch\u00e4tzte Lesezeit":"10\u00a0Minuten"},"schema":{"@context":"https:\/\/schema.org","@graph":[{"@type":"WebPage","@id":"https:\/\/shapelabvr.com\/de\/nutzungsbedingungen\/","url":"https:\/\/shapelabvr.com\/de\/nutzungsbedingungen\/","name":"Nutzungsbedingungen - Shapelab","isPartOf":{"@id":"https:\/\/shapelabvr.com\/de\/#website"},"datePublished":"2023-08-08T08:46:09+00:00","dateModified":"2025-05-16T09:37:40+00:00","description":"Lesen Sie hier mehr \u00fcber die Nutzungsbedingungen von Shapelab.","breadcrumb":{"@id":"https:\/\/shapelabvr.com\/de\/nutzungsbedingungen\/#breadcrumb"},"inLanguage":"de","potentialAction":[{"@type":"ReadAction","target":["https:\/\/shapelabvr.com\/de\/nutzungsbedingungen\/"]}]},{"@type":"BreadcrumbList","@id":"https:\/\/shapelabvr.com\/de\/nutzungsbedingungen\/#breadcrumb","itemListElement":[{"@type":"ListItem","position":1,"name":"Kezd\u0151lap","item":"https:\/\/shapelabvr.com\/de\/"},{"@type":"ListItem","position":2,"name":"Nutzungsbedingungen"}]},{"@type":"WebSite","@id":"https:\/\/shapelabvr.com\/de\/#website","url":"https:\/\/shapelabvr.com\/de\/","name":"Shapelab","description":"Best rated polygon-based VR sculpting app","potentialAction":[{"@type":"SearchAction","target":{"@type":"EntryPoint","urlTemplate":"https:\/\/shapelabvr.com\/de\/?s={search_term_string}"},"query-input":{"@type":"PropertyValueSpecification","valueRequired":true,"valueName":"search_term_string"}}],"inLanguage":"de"}]}},"_links":{"self":[{"href":"https:\/\/shapelabvr.com\/de\/wp-json\/wp\/v2\/pages\/6592","targetHints":{"allow":["GET"]}}],"collection":[{"href":"https:\/\/shapelabvr.com\/de\/wp-json\/wp\/v2\/pages"}],"about":[{"href":"https:\/\/shapelabvr.com\/de\/wp-json\/wp\/v2\/types\/page"}],"author":[{"embeddable":true,"href":"https:\/\/shapelabvr.com\/de\/wp-json\/wp\/v2\/users\/3"}],"replies":[{"embeddable":true,"href":"https:\/\/shapelabvr.com\/de\/wp-json\/wp\/v2\/comments?post=6592"}],"version-history":[{"count":1,"href":"https:\/\/shapelabvr.com\/de\/wp-json\/wp\/v2\/pages\/6592\/revisions"}],"predecessor-version":[{"id":6593,"href":"https:\/\/shapelabvr.com\/de\/wp-json\/wp\/v2\/pages\/6592\/revisions\/6593"}],"wp:attachment":[{"href":"https:\/\/shapelabvr.com\/de\/wp-json\/wp\/v2\/media?parent=6592"}],"curies":[{"name":"wp","href":"https:\/\/api.w.org\/{rel}","templated":true}]}}