{"id":6579,"date":"2023-05-10T12:55:35","date_gmt":"2023-05-10T10:55:35","guid":{"rendered":"https:\/\/shapelabvr.com\/funktionen\/fortgeschrittene-werkzeuge-zur-topologiemanipulation\/"},"modified":"2025-05-16T11:16:53","modified_gmt":"2025-05-16T09:16:53","slug":"fortgeschrittene-werkzeuge-zur-topologiemanipulation","status":"publish","type":"page","link":"https:\/\/shapelabvr.com\/de\/funktionen\/fortgeschrittene-werkzeuge-zur-topologiemanipulation\/","title":{"rendered":"Fortgeschrittene Werkzeuge zur Topologiemanipulation"},"content":{"rendered":"\t\t<div data-elementor-type=\"wp-page\" data-elementor-id=\"6579\" class=\"elementor elementor-6579 elementor-790\" data-elementor-settings=\"{&quot;ha_cmc_init_switcher&quot;:&quot;no&quot;}\" data-elementor-post-type=\"page\">\n\t\t\t\t\t\t<section class=\"elementor-section elementor-top-section elementor-element elementor-element-24df312 elementor-section-height-min-height elementor-section-boxed elementor-section-height-default elementor-section-items-middle\" data-id=\"24df312\" data-element_type=\"section\" data-e-type=\"section\" data-settings=\"{&quot;background_background&quot;:&quot;classic&quot;,&quot;_ha_eqh_enable&quot;:false}\">\n\t\t\t\t\t\t\t<div class=\"elementor-background-overlay\"><\/div>\n\t\t\t\t\t\t\t<div class=\"elementor-container elementor-column-gap-default\">\n\t\t\t\t\t<div class=\"elementor-column elementor-col-50 elementor-top-column elementor-element elementor-element-26f6e83\" data-id=\"26f6e83\" data-element_type=\"column\" data-e-type=\"column\">\n\t\t\t<div class=\"elementor-widget-wrap elementor-element-populated\">\n\t\t\t\t\t\t<div class=\"elementor-element elementor-element-b5fcab6 elementor-mobile-align-center elementor-icon-list--layout-traditional elementor-list-item-link-full_width elementor-widget elementor-widget-icon-list\" data-id=\"b5fcab6\" data-element_type=\"widget\" data-e-type=\"widget\" data-widget_type=\"icon-list.default\">\n\t\t\t\t<div class=\"elementor-widget-container\">\n\t\t\t\t\t\t\t<ul class=\"elementor-icon-list-items\">\n\t\t\t\t\t\t\t<li class=\"elementor-icon-list-item\">\n\t\t\t\t\t\t\t\t\t\t\t<a href=\"https:\/\/shapelabvr.com\/de\/funktionen\/\">\n\n\t\t\t\t\t\t\t\t\t\t\t\t<span class=\"elementor-icon-list-icon\">\n\t\t\t\t\t\t\t<i aria-hidden=\"true\" class=\"hm hm-caret-fill-left\"><\/i>\t\t\t\t\t\t<\/span>\n\t\t\t\t\t\t\t\t\t\t<span class=\"elementor-icon-list-text\">Zur\u00fcck zu allen Funktionen<\/span>\n\t\t\t\t\t\t\t\t\t\t\t<\/a>\n\t\t\t\t\t\t\t\t\t<\/li>\n\t\t\t\t\t\t<\/ul>\n\t\t\t\t\t\t<\/div>\n\t\t\t\t<\/div>\n\t\t\t\t<div class=\"elementor-element elementor-element-ca5c50c elementor-widget elementor-widget-heading\" data-id=\"ca5c50c\" data-element_type=\"widget\" data-e-type=\"widget\" data-widget_type=\"heading.default\">\n\t\t\t\t<div class=\"elementor-widget-container\">\n\t\t\t\t\t<h1 class=\"elementor-heading-title elementor-size-default\">Fortgeschrittene Werkzeuge zur Topologiemanipulation<\/h1>\t\t\t\t<\/div>\n\t\t\t\t<\/div>\n\t\t\t\t<div class=\"elementor-element elementor-element-46c584b elementor-invisible elementor-widget elementor-widget-heading\" data-id=\"46c584b\" data-element_type=\"widget\" data-e-type=\"widget\" data-settings=\"{&quot;_animation&quot;:&quot;fadeIn&quot;}\" data-widget_type=\"heading.default\">\n\t\t\t\t<div class=\"elementor-widget-container\">\n\t\t\t\t\t<h2 class=\"elementor-heading-title elementor-size-default\">Mit Shapelab erhalten Sie zahlreiche Werkzeuge, um mehr Kontrolle \u00fcber die Topologie Ihrer Modelle zu haben.<\/h2>\t\t\t\t<\/div>\n\t\t\t\t<\/div>\n\t\t\t\t\t<\/div>\n\t\t<\/div>\n\t\t\t\t<div class=\"elementor-column elementor-col-50 elementor-top-column elementor-element elementor-element-0ace81c\" data-id=\"0ace81c\" data-element_type=\"column\" data-e-type=\"column\">\n\t\t\t<div class=\"elementor-widget-wrap\">\n\t\t\t\t\t\t\t<\/div>\n\t\t<\/div>\n\t\t\t\t\t<\/div>\n\t\t<\/section>\n\t\t\t\t<section class=\"elementor-section elementor-top-section elementor-element elementor-element-95a8971 elementor-section-boxed elementor-section-height-default elementor-section-height-default\" data-id=\"95a8971\" data-element_type=\"section\" data-e-type=\"section\" data-settings=\"{&quot;_ha_eqh_enable&quot;:false}\">\n\t\t\t\t\t\t<div class=\"elementor-container elementor-column-gap-default\">\n\t\t\t\t\t<div class=\"elementor-column elementor-col-100 elementor-top-column elementor-element elementor-element-6fd85c4\" data-id=\"6fd85c4\" data-element_type=\"column\" data-e-type=\"column\">\n\t\t\t<div class=\"elementor-widget-wrap elementor-element-populated\">\n\t\t\t\t\t\t<section class=\"elementor-section elementor-inner-section elementor-element elementor-element-8ae405f elementor-section-boxed elementor-section-height-default elementor-section-height-default\" data-id=\"8ae405f\" data-element_type=\"section\" data-e-type=\"section\" data-settings=\"{&quot;_ha_eqh_enable&quot;:false}\">\n\t\t\t\t\t\t<div class=\"elementor-container elementor-column-gap-default\">\n\t\t\t\t\t<div class=\"elementor-column elementor-col-50 elementor-inner-column elementor-element elementor-element-fde0623\" data-id=\"fde0623\" data-element_type=\"column\" data-e-type=\"column\">\n\t\t\t<div class=\"elementor-widget-wrap elementor-element-populated\">\n\t\t\t\t\t\t<div class=\"elementor-element elementor-element-26ce84a elementor-widget elementor-widget-heading\" data-id=\"26ce84a\" data-element_type=\"widget\" data-e-type=\"widget\" data-widget_type=\"heading.default\">\n\t\t\t\t<div class=\"elementor-widget-container\">\n\t\t\t\t\t<h2 class=\"elementor-heading-title elementor-size-default\">Dynamischer Topologie-Modus<\/h2>\t\t\t\t<\/div>\n\t\t\t\t<\/div>\n\t\t\t\t<div class=\"elementor-element elementor-element-7faec94 elementor-widget elementor-widget-text-editor\" data-id=\"7faec94\" data-element_type=\"widget\" data-e-type=\"widget\" data-widget_type=\"text-editor.default\">\n\t\t\t\t<div class=\"elementor-widget-container\">\n\t\t\t\t\t\t\t\t\t<p>Diese Funktion erm\u00f6glicht eine Echtzeit-Tessellation des Netzes basierend auf dem lokal ben\u00f6tigten Detailgrad. Sie macht zudem einige Pinsel benutzerfreundlicher und effektiver bei der Erstellung bestimmter Formen. <\/p>\t\t\t\t\t\t\t\t<\/div>\n\t\t\t\t<\/div>\n\t\t\t\t\t<\/div>\n\t\t<\/div>\n\t\t\t\t<div class=\"elementor-column elementor-col-50 elementor-inner-column elementor-element elementor-element-8c93b3a\" data-id=\"8c93b3a\" data-element_type=\"column\" data-e-type=\"column\">\n\t\t\t<div class=\"elementor-widget-wrap elementor-element-populated\">\n\t\t\t\t\t\t<div class=\"elementor-element elementor-element-dbd7325 elementor-widget elementor-widget-video\" data-id=\"dbd7325\" data-element_type=\"widget\" data-e-type=\"widget\" data-settings=\"{&quot;youtube_url&quot;:&quot;https:\\\/\\\/youtu.be\\\/MKr-rDiVTyw&quot;,&quot;video_type&quot;:&quot;youtube&quot;,&quot;controls&quot;:&quot;yes&quot;}\" data-widget_type=\"video.default\">\n\t\t\t\t<div class=\"elementor-widget-container\">\n\t\t\t\t\t\t\t<div class=\"elementor-wrapper elementor-open-inline\">\n\t\t\t<div class=\"elementor-video\"><\/div>\t\t<\/div>\n\t\t\t\t\t\t<\/div>\n\t\t\t\t<\/div>\n\t\t\t\t\t<\/div>\n\t\t<\/div>\n\t\t\t\t\t<\/div>\n\t\t<\/section>\n\t\t\t\t\t<\/div>\n\t\t<\/div>\n\t\t\t\t\t<\/div>\n\t\t<\/section>\n\t\t\t\t<section class=\"elementor-section elementor-top-section elementor-element elementor-element-cfc4ec2 elementor-section-boxed elementor-section-height-default elementor-section-height-default\" data-id=\"cfc4ec2\" data-element_type=\"section\" data-e-type=\"section\" data-settings=\"{&quot;_ha_eqh_enable&quot;:false}\">\n\t\t\t\t\t\t<div class=\"elementor-container elementor-column-gap-default\">\n\t\t\t\t\t<div class=\"elementor-column elementor-col-100 elementor-top-column elementor-element elementor-element-ee37773\" data-id=\"ee37773\" data-element_type=\"column\" data-e-type=\"column\">\n\t\t\t<div class=\"elementor-widget-wrap elementor-element-populated\">\n\t\t\t\t\t\t<section class=\"elementor-section elementor-inner-section elementor-element elementor-element-2e75461 elementor-section-boxed elementor-section-height-default elementor-section-height-default\" data-id=\"2e75461\" data-element_type=\"section\" data-e-type=\"section\" data-settings=\"{&quot;_ha_eqh_enable&quot;:false}\">\n\t\t\t\t\t\t<div class=\"elementor-container elementor-column-gap-default\">\n\t\t\t\t\t<div class=\"elementor-column elementor-col-50 elementor-inner-column elementor-element elementor-element-6bac395\" data-id=\"6bac395\" data-element_type=\"column\" data-e-type=\"column\">\n\t\t\t<div class=\"elementor-widget-wrap elementor-element-populated\">\n\t\t\t\t\t\t<div class=\"elementor-element elementor-element-1445d0a elementor-widget elementor-widget-heading\" data-id=\"1445d0a\" data-element_type=\"widget\" data-e-type=\"widget\" data-widget_type=\"heading.default\">\n\t\t\t\t<div class=\"elementor-widget-container\">\n\t\t\t\t\t<h2 class=\"elementor-heading-title elementor-size-default\">Globale Topologiemanipulationen<\/h2>\t\t\t\t<\/div>\n\t\t\t\t<\/div>\n\t\t\t\t<div class=\"elementor-element elementor-element-74b1481 elementor-widget elementor-widget-text-editor\" data-id=\"74b1481\" data-element_type=\"widget\" data-e-type=\"widget\" data-widget_type=\"text-editor.default\">\n\t\t\t\t<div class=\"elementor-widget-container\">\n\t\t\t\t\t\t\t\t\t<p>Zu den globalen Manipulationen geh\u00f6ren Voxel-Remesh, Spiegeln und Verschwei\u00dfen, Unterteilen, Dezimieren, Regularisieren und Vertices zusammenf\u00fchren.<\/p>\t\t\t\t\t\t\t\t<\/div>\n\t\t\t\t<\/div>\n\t\t\t\t\t<\/div>\n\t\t<\/div>\n\t\t\t\t<div class=\"elementor-column elementor-col-50 elementor-inner-column elementor-element elementor-element-51e5a66\" data-id=\"51e5a66\" data-element_type=\"column\" data-e-type=\"column\">\n\t\t\t<div class=\"elementor-widget-wrap elementor-element-populated\">\n\t\t\t\t\t\t<div class=\"elementor-element elementor-element-25072a0 elementor-widget elementor-widget-video\" data-id=\"25072a0\" data-element_type=\"widget\" data-e-type=\"widget\" data-settings=\"{&quot;youtube_url&quot;:&quot;https:\\\/\\\/youtu.be\\\/4D4lYmkLBYU&quot;,&quot;video_type&quot;:&quot;youtube&quot;,&quot;controls&quot;:&quot;yes&quot;}\" data-widget_type=\"video.default\">\n\t\t\t\t<div class=\"elementor-widget-container\">\n\t\t\t\t\t\t\t<div class=\"elementor-wrapper elementor-open-inline\">\n\t\t\t<div class=\"elementor-video\"><\/div>\t\t<\/div>\n\t\t\t\t\t\t<\/div>\n\t\t\t\t<\/div>\n\t\t\t\t\t<\/div>\n\t\t<\/div>\n\t\t\t\t\t<\/div>\n\t\t<\/section>\n\t\t\t\t\t<\/div>\n\t\t<\/div>\n\t\t\t\t\t<\/div>\n\t\t<\/section>\n\t\t\t\t<section class=\"elementor-section elementor-top-section elementor-element elementor-element-0206072 elementor-section-boxed elementor-section-height-default elementor-section-height-default\" data-id=\"0206072\" data-element_type=\"section\" data-e-type=\"section\" data-settings=\"{&quot;background_background&quot;:&quot;classic&quot;,&quot;_ha_eqh_enable&quot;:false}\">\n\t\t\t\t\t\t<div class=\"elementor-container elementor-column-gap-default\">\n\t\t\t\t\t<div class=\"elementor-column elementor-col-100 elementor-top-column elementor-element elementor-element-c6d0cce\" data-id=\"c6d0cce\" data-element_type=\"column\" data-e-type=\"column\">\n\t\t\t<div class=\"elementor-widget-wrap elementor-element-populated\">\n\t\t\t\t\t\t<div class=\"elementor-element elementor-element-c8ba621 elementor-align-center elementor-widget elementor-widget-button\" data-id=\"c8ba621\" data-element_type=\"widget\" data-e-type=\"widget\" data-widget_type=\"button.default\">\n\t\t\t\t<div class=\"elementor-widget-container\">\n\t\t\t\t\t\t\t\t\t<div class=\"elementor-button-wrapper\">\n\t\t\t\t\t<a class=\"elementor-button elementor-button-link elementor-size-sm elementor-animation-grow\" href=\"https:\/\/www.youtube.com\/c\/ShapeLabVR\">\n\t\t\t\t\t\t<span class=\"elementor-button-content-wrapper\">\n\t\t\t\t\t\t\t\t\t<span class=\"elementor-button-text\">Entdecken Sie weitere Videos auf Youtube<\/span>\n\t\t\t\t\t<\/span>\n\t\t\t\t\t<\/a>\n\t\t\t\t<\/div>\n\t\t\t\t\t\t\t\t<\/div>\n\t\t\t\t<\/div>\n\t\t\t\t<div class=\"elementor-element elementor-element-2190406 elementor-align-center elementor-mobile-align-center elementor-widget elementor-widget-button\" data-id=\"2190406\" data-element_type=\"widget\" data-e-type=\"widget\" data-widget_type=\"button.default\">\n\t\t\t\t<div class=\"elementor-widget-container\">\n\t\t\t\t\t\t\t\t\t<div class=\"elementor-button-wrapper\">\n\t\t\t\t\t<a class=\"elementor-button elementor-button-link elementor-size-sm elementor-animation-grow\" href=\"https:\/\/shapelabvr.com\/de\/preisgestaltungsseite\/\">\n\t\t\t\t\t\t<span class=\"elementor-button-content-wrapper\">\n\t\t\t\t\t\t\t\t\t<span class=\"elementor-button-text\">Preise ansehen<\/span>\n\t\t\t\t\t<\/span>\n\t\t\t\t\t<\/a>\n\t\t\t\t<\/div>\n\t\t\t\t\t\t\t\t<\/div>\n\t\t\t\t<\/div>\n\t\t\t\t\t<\/div>\n\t\t<\/div>\n\t\t\t\t\t<\/div>\n\t\t<\/section>\n\t\t\t\t<\/div>\n\t\t","protected":false},"excerpt":{"rendered":"<p>Zur\u00fcck zu allen Funktionen Fortgeschrittene Werkzeuge zur Topologiemanipulation Mit Shapelab erhalten Sie zahlreiche Werkzeuge, um mehr Kontrolle \u00fcber die Topologie Ihrer Modelle zu haben. Dynamischer Topologie-Modus Diese Funktion erm\u00f6glicht eine Echtzeit-Tessellation des Netzes basierend auf dem lokal ben\u00f6tigten Detailgrad. Sie macht zudem einige Pinsel benutzerfreundlicher und effektiver bei der Erstellung bestimmter Formen. https:\/\/youtu.be\/MKr-rDiVTyw Globale Topologiemanipulationen [&hellip;]<\/p>\n","protected":false},"author":4,"featured_media":5706,"parent":6524,"menu_order":0,"comment_status":"closed","ping_status":"closed","template":"","meta":{"footnotes":""},"class_list":["post-6579","page","type-page","status-publish","has-post-thumbnail","hentry"],"yoast_head":"<!-- This site is optimized with the Yoast SEO plugin v27.5 - https:\/\/yoast.com\/product\/yoast-seo-wordpress\/ -->\n<title>Fortgeschrittene Werkzeuge zur Topologiemanipulation - Shapelab<\/title>\n<meta name=\"description\" content=\"Entdecken Sie Shapelabs Tools zur globalen und lokalen Topologiemanipulation. Mehr zu den Funktionen.\" \/>\n<meta name=\"robots\" content=\"index, follow, max-snippet:-1, max-image-preview:large, max-video-preview:-1\" \/>\n<link rel=\"canonical\" href=\"https:\/\/shapelabvr.com\/de\/funktionen\/fortgeschrittene-werkzeuge-zur-topologiemanipulation\/\" \/>\n<meta property=\"og:locale\" content=\"de_DE\" \/>\n<meta property=\"og:type\" content=\"article\" \/>\n<meta property=\"og:title\" content=\"Fortgeschrittene Werkzeuge zur Topologiemanipulation - Shapelab\" \/>\n<meta property=\"og:description\" content=\"Entdecken Sie Shapelabs Tools zur globalen und lokalen Topologiemanipulation. Mehr zu den Funktionen.\" \/>\n<meta property=\"og:url\" content=\"https:\/\/shapelabvr.com\/de\/funktionen\/fortgeschrittene-werkzeuge-zur-topologiemanipulation\/\" \/>\n<meta property=\"og:site_name\" content=\"Shapelab\" \/>\n<meta property=\"article:modified_time\" content=\"2025-05-16T09:16:53+00:00\" \/>\n<meta property=\"og:image\" content=\"https:\/\/shapelabvr.com\/wp-content\/uploads\/2023\/10\/dragon_main_thumbnail_04_655x369.png\" \/>\n\t<meta property=\"og:image:width\" content=\"655\" \/>\n\t<meta property=\"og:image:height\" content=\"369\" \/>\n\t<meta property=\"og:image:type\" content=\"image\/png\" \/>\n<meta name=\"twitter:card\" content=\"summary_large_image\" \/>\n<script type=\"application\/ld+json\" class=\"yoast-schema-graph\">{\"@context\":\"https:\\\/\\\/schema.org\",\"@graph\":[{\"@type\":\"WebPage\",\"@id\":\"https:\\\/\\\/shapelabvr.com\\\/de\\\/funktionen\\\/fortgeschrittene-werkzeuge-zur-topologiemanipulation\\\/\",\"url\":\"https:\\\/\\\/shapelabvr.com\\\/de\\\/funktionen\\\/fortgeschrittene-werkzeuge-zur-topologiemanipulation\\\/\",\"name\":\"Fortgeschrittene Werkzeuge zur Topologiemanipulation - Shapelab\",\"isPartOf\":{\"@id\":\"https:\\\/\\\/shapelabvr.com\\\/de\\\/#website\"},\"primaryImageOfPage\":{\"@id\":\"https:\\\/\\\/shapelabvr.com\\\/de\\\/funktionen\\\/fortgeschrittene-werkzeuge-zur-topologiemanipulation\\\/#primaryimage\"},\"image\":{\"@id\":\"https:\\\/\\\/shapelabvr.com\\\/de\\\/funktionen\\\/fortgeschrittene-werkzeuge-zur-topologiemanipulation\\\/#primaryimage\"},\"thumbnailUrl\":\"https:\\\/\\\/shapelabvr.com\\\/wp-content\\\/uploads\\\/2023\\\/10\\\/dragon_main_thumbnail_04_655x369.png\",\"datePublished\":\"2023-05-10T10:55:35+00:00\",\"dateModified\":\"2025-05-16T09:16:53+00:00\",\"description\":\"Entdecken Sie Shapelabs Tools zur globalen und lokalen Topologiemanipulation. Mehr zu den Funktionen.\",\"breadcrumb\":{\"@id\":\"https:\\\/\\\/shapelabvr.com\\\/de\\\/funktionen\\\/fortgeschrittene-werkzeuge-zur-topologiemanipulation\\\/#breadcrumb\"},\"inLanguage\":\"de\",\"potentialAction\":[{\"@type\":\"ReadAction\",\"target\":[\"https:\\\/\\\/shapelabvr.com\\\/de\\\/funktionen\\\/fortgeschrittene-werkzeuge-zur-topologiemanipulation\\\/\"]}]},{\"@type\":\"ImageObject\",\"inLanguage\":\"de\",\"@id\":\"https:\\\/\\\/shapelabvr.com\\\/de\\\/funktionen\\\/fortgeschrittene-werkzeuge-zur-topologiemanipulation\\\/#primaryimage\",\"url\":\"https:\\\/\\\/shapelabvr.com\\\/wp-content\\\/uploads\\\/2023\\\/10\\\/dragon_main_thumbnail_04_655x369.png\",\"contentUrl\":\"https:\\\/\\\/shapelabvr.com\\\/wp-content\\\/uploads\\\/2023\\\/10\\\/dragon_main_thumbnail_04_655x369.png\",\"width\":655,\"height\":369,\"caption\":\"Shapelab logo\"},{\"@type\":\"BreadcrumbList\",\"@id\":\"https:\\\/\\\/shapelabvr.com\\\/de\\\/funktionen\\\/fortgeschrittene-werkzeuge-zur-topologiemanipulation\\\/#breadcrumb\",\"itemListElement\":[{\"@type\":\"ListItem\",\"position\":1,\"name\":\"Kezd\u0151lap\",\"item\":\"https:\\\/\\\/shapelabvr.com\\\/de\\\/\"},{\"@type\":\"ListItem\",\"position\":2,\"name\":\"Funktionen\",\"item\":\"https:\\\/\\\/shapelabvr.com\\\/de\\\/funktionen\\\/\"},{\"@type\":\"ListItem\",\"position\":3,\"name\":\"Fortgeschrittene Werkzeuge zur Topologiemanipulation\"}]},{\"@type\":\"WebSite\",\"@id\":\"https:\\\/\\\/shapelabvr.com\\\/de\\\/#website\",\"url\":\"https:\\\/\\\/shapelabvr.com\\\/de\\\/\",\"name\":\"Shapelab\",\"description\":\"Best rated polygon-based VR sculpting app\",\"potentialAction\":[{\"@type\":\"SearchAction\",\"target\":{\"@type\":\"EntryPoint\",\"urlTemplate\":\"https:\\\/\\\/shapelabvr.com\\\/de\\\/?s={search_term_string}\"},\"query-input\":{\"@type\":\"PropertyValueSpecification\",\"valueRequired\":true,\"valueName\":\"search_term_string\"}}],\"inLanguage\":\"de\"}]}<\/script>\n<!-- \/ Yoast SEO plugin. -->","yoast_head_json":{"title":"Fortgeschrittene Werkzeuge zur Topologiemanipulation - Shapelab","description":"Entdecken Sie Shapelabs Tools zur globalen und lokalen Topologiemanipulation. Mehr zu den Funktionen.","robots":{"index":"index","follow":"follow","max-snippet":"max-snippet:-1","max-image-preview":"max-image-preview:large","max-video-preview":"max-video-preview:-1"},"canonical":"https:\/\/shapelabvr.com\/de\/funktionen\/fortgeschrittene-werkzeuge-zur-topologiemanipulation\/","og_locale":"de_DE","og_type":"article","og_title":"Fortgeschrittene Werkzeuge zur Topologiemanipulation - Shapelab","og_description":"Entdecken Sie Shapelabs Tools zur globalen und lokalen Topologiemanipulation. Mehr zu den Funktionen.","og_url":"https:\/\/shapelabvr.com\/de\/funktionen\/fortgeschrittene-werkzeuge-zur-topologiemanipulation\/","og_site_name":"Shapelab","article_modified_time":"2025-05-16T09:16:53+00:00","og_image":[{"width":655,"height":369,"url":"https:\/\/shapelabvr.com\/wp-content\/uploads\/2023\/10\/dragon_main_thumbnail_04_655x369.png","type":"image\/png"}],"twitter_card":"summary_large_image","schema":{"@context":"https:\/\/schema.org","@graph":[{"@type":"WebPage","@id":"https:\/\/shapelabvr.com\/de\/funktionen\/fortgeschrittene-werkzeuge-zur-topologiemanipulation\/","url":"https:\/\/shapelabvr.com\/de\/funktionen\/fortgeschrittene-werkzeuge-zur-topologiemanipulation\/","name":"Fortgeschrittene Werkzeuge zur Topologiemanipulation - Shapelab","isPartOf":{"@id":"https:\/\/shapelabvr.com\/de\/#website"},"primaryImageOfPage":{"@id":"https:\/\/shapelabvr.com\/de\/funktionen\/fortgeschrittene-werkzeuge-zur-topologiemanipulation\/#primaryimage"},"image":{"@id":"https:\/\/shapelabvr.com\/de\/funktionen\/fortgeschrittene-werkzeuge-zur-topologiemanipulation\/#primaryimage"},"thumbnailUrl":"https:\/\/shapelabvr.com\/wp-content\/uploads\/2023\/10\/dragon_main_thumbnail_04_655x369.png","datePublished":"2023-05-10T10:55:35+00:00","dateModified":"2025-05-16T09:16:53+00:00","description":"Entdecken Sie Shapelabs Tools zur globalen und lokalen Topologiemanipulation. Mehr zu den Funktionen.","breadcrumb":{"@id":"https:\/\/shapelabvr.com\/de\/funktionen\/fortgeschrittene-werkzeuge-zur-topologiemanipulation\/#breadcrumb"},"inLanguage":"de","potentialAction":[{"@type":"ReadAction","target":["https:\/\/shapelabvr.com\/de\/funktionen\/fortgeschrittene-werkzeuge-zur-topologiemanipulation\/"]}]},{"@type":"ImageObject","inLanguage":"de","@id":"https:\/\/shapelabvr.com\/de\/funktionen\/fortgeschrittene-werkzeuge-zur-topologiemanipulation\/#primaryimage","url":"https:\/\/shapelabvr.com\/wp-content\/uploads\/2023\/10\/dragon_main_thumbnail_04_655x369.png","contentUrl":"https:\/\/shapelabvr.com\/wp-content\/uploads\/2023\/10\/dragon_main_thumbnail_04_655x369.png","width":655,"height":369,"caption":"Shapelab logo"},{"@type":"BreadcrumbList","@id":"https:\/\/shapelabvr.com\/de\/funktionen\/fortgeschrittene-werkzeuge-zur-topologiemanipulation\/#breadcrumb","itemListElement":[{"@type":"ListItem","position":1,"name":"Kezd\u0151lap","item":"https:\/\/shapelabvr.com\/de\/"},{"@type":"ListItem","position":2,"name":"Funktionen","item":"https:\/\/shapelabvr.com\/de\/funktionen\/"},{"@type":"ListItem","position":3,"name":"Fortgeschrittene Werkzeuge zur Topologiemanipulation"}]},{"@type":"WebSite","@id":"https:\/\/shapelabvr.com\/de\/#website","url":"https:\/\/shapelabvr.com\/de\/","name":"Shapelab","description":"Best rated polygon-based VR sculpting app","potentialAction":[{"@type":"SearchAction","target":{"@type":"EntryPoint","urlTemplate":"https:\/\/shapelabvr.com\/de\/?s={search_term_string}"},"query-input":{"@type":"PropertyValueSpecification","valueRequired":true,"valueName":"search_term_string"}}],"inLanguage":"de"}]}},"_links":{"self":[{"href":"https:\/\/shapelabvr.com\/de\/wp-json\/wp\/v2\/pages\/6579","targetHints":{"allow":["GET"]}}],"collection":[{"href":"https:\/\/shapelabvr.com\/de\/wp-json\/wp\/v2\/pages"}],"about":[{"href":"https:\/\/shapelabvr.com\/de\/wp-json\/wp\/v2\/types\/page"}],"author":[{"embeddable":true,"href":"https:\/\/shapelabvr.com\/de\/wp-json\/wp\/v2\/users\/4"}],"replies":[{"embeddable":true,"href":"https:\/\/shapelabvr.com\/de\/wp-json\/wp\/v2\/comments?post=6579"}],"version-history":[{"count":1,"href":"https:\/\/shapelabvr.com\/de\/wp-json\/wp\/v2\/pages\/6579\/revisions"}],"predecessor-version":[{"id":6580,"href":"https:\/\/shapelabvr.com\/de\/wp-json\/wp\/v2\/pages\/6579\/revisions\/6580"}],"up":[{"embeddable":true,"href":"https:\/\/shapelabvr.com\/de\/wp-json\/wp\/v2\/pages\/6524"}],"wp:featuredmedia":[{"embeddable":true,"href":"https:\/\/shapelabvr.com\/de\/wp-json\/wp\/v2\/media\/5706"}],"wp:attachment":[{"href":"https:\/\/shapelabvr.com\/de\/wp-json\/wp\/v2\/media?parent=6579"}],"curies":[{"name":"wp","href":"https:\/\/api.w.org\/{rel}","templated":true}]}}